{"id":2,"date":"2015-07-23T12:37:29","date_gmt":"2015-07-23T12:37:29","guid":{"rendered":"http:\/\/biathlonhelfer.hieriminternet.de\/wp\/?page_id=2"},"modified":"2018-01-04T10:25:40","modified_gmt":"2018-01-04T08:25:40","slug":"news","status":"publish","type":"page","link":"https:\/\/www.biathlonhelfer-ruhpolding.de\/index.php\/news\/","title":{"rendered":"Termine"},"content":{"rendered":"<div id=\"pl-2\"  class=\"panel-layout\" >\n<div id=\"pg-2-0\"  class=\"panel-grid panel-has-style\"  data-style=\"{&quot;align&quot;:&quot;&quot;,&quot;overlay&quot;:&quot;&quot;}\" >\n<div style=\"padding: 100px 0; \" data-overlay=\"true\" class=\"panel-row-style panel-row-style-for-2-0\" >\n<div id=\"pgc-2-0-0\"  class=\"panel-grid-cell\"  data-weight=\"1\" >\n<div id=\"panel-2-0-0-0\" class=\"so-panel widget widget_text panel-first-child panel-last-child\" data-index=\"0\" data-style=\"{&quot;background_image_attachment&quot;:false,&quot;background_display&quot;:&quot;tile&quot;,&quot;content_alignment&quot;:&quot;left&quot;,&quot;title_color&quot;:&quot;#443f3f&quot;,&quot;headings_color&quot;:&quot;#443f3f&quot;}\" >\n<div style=\"text-align: left;\" data-title-color=\"#443f3f\" data-headings-color=\"#443f3f\" class=\"panel-widget-style panel-widget-style-for-2-0-0-0\" >\n<div class=\"textwidget\">\n<p><em><strong>Biathlon-Weltcup 2018 vom 09.-14.01.2018<\/strong><\/em><\/p>\n<p><em><strong>Helferakkreditierung:<\/strong><\/em><br \/>\nDie Akkreditierung findet wie immer in der alten Schule neben dem Rathaus statt.<br \/>\nBei der Frage in welchem Bereich Wir helfen Bitte Zutrittskontrolle oder Accesscontrol benennen.<\/p>\n<p>Montag 08.01.2018 von 10:00 &#8211; 20:00 Uhr<br \/>\nDienstag 09.01.2018 von 09:00 &#8211; 19:00 Uhr<br \/>\nMittwoch 10.01.2018 von 09:00 &#8211; 16:00 Uhr<br \/>\nDonnerstag 11.01.2018 von 09:00 &#8211; 16:00 Uhr<br \/>\nFreitag 12.01.2018 von 09:00 &#8211; 16:00 Uhr<br \/>\nSamstag 13.01.2018 von 09:00 &#8211; 16:00 Uhr<br \/>\nSonntag 14.01.2018 von 08:00 &#8211; 14:30 Uhr<\/p>\n<p>&nbsp;<\/p>\n<p><em><strong>Ausbildung 2018:<\/strong><\/em><\/p>\n<p>Unterweisung: Teamleiter und Coaches<br \/>\nOrt: Haus des Gastes (neben Rathaus) Situngssaal<br \/>\nDatum und Zeit: 09.01.2018 von 15:15 bis 16:45 Uhr<\/p>\n<p>Unterweisung: F\u00fcr unsere neuen Helfer und Auffrischung f\u00fcr die alten Hasen<br \/>\nOrt: Haus des Gastes (neben Rathaus) Situngssaal<br \/>\nDatum und Zeit: 09.01.2018 von 16:45 bis 18:00 Uhr<\/p>\n<p>Bitte Sorge daf\u00fcr <strong>das alle betreffenden Personengruppen<\/strong>\u00a0(auch die im CHP zur Er\u00f6ffnungsfeier anwesend sind) teilnehmen!!!!! Ordner die nur an den nachfolgenden Tagen ihre T\u00e4tigkeit versehen, werden entsprechend sp\u00e4ter unterwiesen.<\/p>\n<p>Es besteht TN Verpflichtung!!!!<\/p>\n<p>Polizei ist ebenfalls vor Ort.<\/p>\n<p><em><strong>Anfahrt:<\/strong><\/em><\/p>\n<p>Am Montag und Dienstag gilt f\u00fcr alle Helfer Parkerlaubnis auf Parkplatz rot.<br \/>\nAb Mittwoch verkehren wieder Helferbusse ab Bahnhof Ruhpolding und Speedwaystadion.<\/p>\n<p><strong><i>Auch in diesem Jahr sind wieder Helferbusse eingesetzt:<\/i><\/strong><br \/>\nMittwoch 9:50 h vom Bahnhof \u00fcbers Speedwaystadion<br \/>\nDonnerstag 9:50 h vom Bahnhof \u00fcbers Speedwaystadion<br \/>\nFreitag 9:50 h vom Bahnhof \u00fcbers Speedwaystadion<\/p>\n<p>Achtung: Samstag Stadion\u00f6ffnung um 1 Stunde vorverlegt.<br \/>\nSamstag 8:50 h vom Bahnhof \u00fcbers Speedwaystadion (130 Personen Kiosk)<br \/>\nSamstag 8:50 h vom Bahnhof \u00fcbers Speedwaystadion (150 Personen Zutrittskontrolle)<\/p>\n<p>Sonntag 7:30 h vom Bahnhof \u00fcbers Speedwaystadion nach Zugankunft (Kiosk und Zutrittskontrolle ca. 300 Personen angemeldet).<\/p>\n<p>Ebenso werden die Helfer bei Fritz am Sand aufgenommen.<br \/>\nZugfahrplan ist auf die Busabfahrt abgestimmt.<\/p>\n<p><strong><i>Shuttleverkehr:<\/i><\/strong><\/p>\n<p>Biathlon Welt-Cup vom 09.01. bis 14.01.2017<br \/>\n(Inzell wird im 30 Minutentakt angefahren)<br \/>\nAbfahrt nur vom Bahnhof<br \/>\nMittwoch, 10.01.2017 11:00 h \u2013 18:00 h<br \/>\nDonnerstag, 11.01.2017 11:00 h \u2013 18:00 h<br \/>\nFreitag, 12.01.2017 11:00 h \u2013 18:00 h<br \/>\nSamstag, 13.01.2017 11:00 h \u2013 18:00 h<br \/>\nSonntag, 14.01.2017 8:00 h \u2013 17:00 h<\/p>\n<p>Unsere Dienstzeit ist an einzelnen Positionen, Montag bis Sonntag von 7:30 bis 18:00 im Schichtbetrieb (Hier ein Dank an die Helfer die diese Positionen seit Jahren besetzen) wir feuen uns wenn sich zu dieser handverlesenen Truppe noch Freiwillige gesellen wollen.<\/p>\n<p>Am Montag\/Dienstag ist Dienstbeginn gleitend ab 8 Uhr (wer noch zur Accreditierung mu\u00df kommt halt sp\u00e4ter, Parken an diesen Tagen auf dem Parkplatz Rot neben dem Bierzelt (nicht VIP Zelt).<\/p>\n<p>An den Wettkampftagen Treffpunkt Ricco Gro\u00dfhaus eine Stunde vor Stadion\u00f6ffnung (ausser and den Tagen mit zwei Wettk\u00e4mpfen)<\/p>\n<p>Alle Termine werden hier wieder rechtzeitig bekannt gegeben.<\/p>\n<\/div><\/div>\n<\/div>\n<\/div>\n<\/div>\n<\/div>\n<\/div>\n","protected":false},"excerpt":{"rendered":"<p>Biathlon-Weltcup 2018 vom 09.-14.01.2018 Helferakkreditierung: Die Akkreditierung findet wie immer in der alten Schule neben dem Rathaus statt. Bei der Frage in [&hellip;]<\/p>\n","protected":false},"author":1,"featured_media":0,"parent":0,"menu_order":0,"comment_status":"closed","ping_status":"closed","template":"","meta":{"footnotes":""},"class_list":["post-2","page","type-page","status-publish","hentry"],"_links":{"self":[{"href":"https:\/\/www.biathlonhelfer-ruhpolding.de\/index.php\/wp-json\/wp\/v2\/pages\/2","targetHints":{"allow":["GET"]}}],"collection":[{"href":"https:\/\/www.biathlonhelfer-ruhpolding.de\/index.php\/wp-json\/wp\/v2\/pages"}],"about":[{"href":"https:\/\/www.biathlonhelfer-ruhpolding.de\/index.php\/wp-json\/wp\/v2\/types\/page"}],"author":[{"embeddable":true,"href":"https:\/\/www.biathlonhelfer-ruhpolding.de\/index.php\/wp-json\/wp\/v2\/users\/1"}],"replies":[{"embeddable":true,"href":"https:\/\/www.biathlonhelfer-ruhpolding.de\/index.php\/wp-json\/wp\/v2\/comments?post=2"}],"version-history":[{"count":0,"href":"https:\/\/www.biathlonhelfer-ruhpolding.de\/index.php\/wp-json\/wp\/v2\/pages\/2\/revisions"}],"wp:attachment":[{"href":"https:\/\/www.biathlonhelfer-ruhpolding.de\/index.php\/wp-json\/wp\/v2\/media?parent=2"}],"curies":[{"name":"wp","href":"https:\/\/api.w.org\/{rel}","templated":true}]}}